{"id":40,"date":"2022-10-17T10:35:25","date_gmt":"2022-10-17T10:35:25","guid":{"rendered":"https:\/\/hambau.hu\/newtest\/?page_id=40"},"modified":"2022-11-18T14:20:39","modified_gmt":"2022-11-18T14:20:39","slug":"rolunk","status":"publish","type":"page","link":"https:\/\/hambau.hu\/en\/rolunk\/","title":{"rendered":"About"},"content":{"rendered":"<div data-elementor-type=\"wp-page\" data-elementor-id=\"40\" class=\"elementor elementor-40\" data-elementor-post-type=\"page\">\n\t\t\t\t\t\t<section class=\"elementor-section elementor-top-section elementor-element elementor-element-8c12ee8 elementor-section-height-min-height elementor-section-items-bottom elementor-section-boxed elementor-section-height-default\" data-id=\"8c12ee8\" data-element_type=\"section\" data-settings=\"{&quot;background_background&quot;:&quot;classic&quot;}\">\n\t\t\t\t\t\t\t<div class=\"elementor-background-overlay\"><\/div>\n\t\t\t\t\t\t\t<div class=\"elementor-container elementor-column-gap-default\">\n\t\t\t\t\t<div class=\"elementor-column elementor-col-100 elementor-top-column elementor-element elementor-element-762f1f6\" data-id=\"762f1f6\" data-element_type=\"column\">\n\t\t\t<div class=\"elementor-widget-wrap elementor-element-populated\">\n\t\t\t\t\t\t<div class=\"elementor-element elementor-element-f2bc104 elementor-widget elementor-widget-heading\" data-id=\"f2bc104\" data-element_type=\"widget\" data-widget_type=\"heading.default\">\n\t\t\t\t<div class=\"elementor-widget-container\">\n\t\t\t\t\t<h1 class=\"elementor-heading-title elementor-size-default\">About<\/h1>\t\t\t\t<\/div>\n\t\t\t\t<\/div>\n\t\t\t\t\t<\/div>\n\t\t<\/div>\n\t\t\t\t\t<\/div>\n\t\t<\/section>\n\t\t\t\t<section class=\"elementor-section elementor-top-section elementor-element elementor-element-5927729 elementor-section-boxed elementor-section-height-default elementor-section-height-default\" data-id=\"5927729\" data-element_type=\"section\" data-settings=\"{&quot;background_background&quot;:&quot;gradient&quot;}\">\n\t\t\t\t\t\t<div class=\"elementor-container elementor-column-gap-default\">\n\t\t\t\t\t<div class=\"elementor-column elementor-col-100 elementor-top-column elementor-element elementor-element-4a4f4e8\" data-id=\"4a4f4e8\" data-element_type=\"column\">\n\t\t\t<div class=\"elementor-widget-wrap elementor-element-populated\">\n\t\t\t\t\t\t<div class=\"elementor-element elementor-element-1d389f8 elementor-widget elementor-widget-text-editor\" data-id=\"1d389f8\" data-element_type=\"widget\" data-widget_type=\"text-editor.default\">\n\t\t\t\t<div class=\"elementor-widget-container\">\n\t\t\t\t\t\t\t\t\t<p>The predecessor of Ham-Bau Kft. was founded in 1981 as a sole proprietorship, from which Ham-Bau \u00c9p\u00edt\u0151ipari \u00e9s Kereskedelmi Kft., based in V\u00e9rtesbogl\u00e1r and with an office in Buda\u00f6rs, formed in 2003. The Hamar family's main business is building electrical construction and maintenance.<\/p><p>Our primary goal is to meet the tasks and expectations of our local and international clients on a complex, high level, in order to develop a profitable, long-term, trusted partnership for both parties. The following points are a solid foundation for reaching this goal.<\/p>\t\t\t\t\t\t\t\t<\/div>\n\t\t\t\t<\/div>\n\t\t\t\t<div class=\"elementor-element elementor-element-3ef2723 elementor-mobile-align-left elementor-icon-list--layout-traditional elementor-list-item-link-full_width elementor-widget elementor-widget-icon-list\" data-id=\"3ef2723\" data-element_type=\"widget\" data-widget_type=\"icon-list.default\">\n\t\t\t\t<div class=\"elementor-widget-container\">\n\t\t\t\t\t\t\t<ul class=\"elementor-icon-list-items\">\n\t\t\t\t\t\t\t<li class=\"elementor-icon-list-item\">\n\t\t\t\t\t\t\t\t\t\t\t<span class=\"elementor-icon-list-icon\">\n\t\t\t\t\t\t\t<i aria-hidden=\"true\" class=\"far fa-dot-circle\"><\/i>\t\t\t\t\t\t<\/span>\n\t\t\t\t\t\t\t\t\t\t<span class=\"elementor-icon-list-text\">the high level of professional preparation and decades of experience of our employees;<\/span>\n\t\t\t\t\t\t\t\t\t<\/li>\n\t\t\t\t\t\t\t\t<li class=\"elementor-icon-list-item\">\n\t\t\t\t\t\t\t\t\t\t\t<span class=\"elementor-icon-list-icon\">\n\t\t\t\t\t\t\t<i aria-hidden=\"true\" class=\"far fa-dot-circle\"><\/i>\t\t\t\t\t\t<\/span>\n\t\t\t\t\t\t\t\t\t\t<span class=\"elementor-icon-list-text\">the extensive, reliable subcontractor and supplier network;<\/span>\n\t\t\t\t\t\t\t\t\t<\/li>\n\t\t\t\t\t\t\t\t<li class=\"elementor-icon-list-item\">\n\t\t\t\t\t\t\t\t\t\t\t<span class=\"elementor-icon-list-icon\">\n\t\t\t\t\t\t\t<i aria-hidden=\"true\" class=\"far fa-dot-circle\"><\/i>\t\t\t\t\t\t<\/span>\n\t\t\t\t\t\t\t\t\t\t<span class=\"elementor-icon-list-text\">quality management systems accumulated over years.<\/span>\n\t\t\t\t\t\t\t\t\t<\/li>\n\t\t\t\t\t\t<\/ul>\n\t\t\t\t\t\t<\/div>\n\t\t\t\t<\/div>\n\t\t\t\t<section class=\"elementor-section elementor-inner-section elementor-element elementor-element-64298fb elementor-section-boxed elementor-section-height-default elementor-section-height-default\" data-id=\"64298fb\" data-element_type=\"section\">\n\t\t\t\t\t\t<div class=\"elementor-container elementor-column-gap-default\">\n\t\t\t\t\t<div class=\"elementor-column elementor-col-50 elementor-inner-column elementor-element elementor-element-11f73ab\" data-id=\"11f73ab\" data-element_type=\"column\">\n\t\t\t<div class=\"elementor-widget-wrap elementor-element-populated\">\n\t\t\t\t\t\t<div class=\"elementor-element elementor-element-ce001cd elementor-widget elementor-widget-text-editor\" data-id=\"ce001cd\" data-element_type=\"widget\" data-widget_type=\"text-editor.default\">\n\t\t\t\t<div class=\"elementor-widget-container\">\n\t\t\t\t\t\t\t\t\t<p>Our company is a certified professional contractor of ELM\u00dc Rt., E.ON Hung\u00e1ria Rt., and \u00c9M\u00c1SZ Rt., and operates a quality management system according to the ISO 9001:2000 standard.\u00a0<\/p><p>The initial company of two people is now a consciously built organizational structure in which the work of the two company owners is supported by one business development manager, two chief engineers, ten project managers, building electrical designers, architectural engineers, design assistants, and financial staff. Many foremen, electricians, and assistants work in the work areas, and the company currently employs 48 people. Our long-term subcontractors can join our work with 130-150 people if necessary.<\/p><p>The electrical equipment manufacturing plant, which was established a few years ago, contributes significantly to the company's complex, optimizing production processes, where professional tools and equipment, which are essential for quality work, support the work of specialists.<\/p><p>As our reference list demonstrates, we are carrying out an increasing number of large-scale projects in the most diverse areas (office buildings, factories, industrial plants, educational, cultural, and sports facilities, as well as shopping centers) in accordance with the dynamics of our development.<\/p><p>Our clients include large general contracting firms, financial institutions, private organizations, private sector representatives, as well as municipalities, state offices, and educational institutions.<\/p><p>We are confident that we can welcome you among our future customers and assist you in realizing your ideas.<\/p>\t\t\t\t\t\t\t\t<\/div>\n\t\t\t\t<\/div>\n\t\t\t\t\t<\/div>\n\t\t<\/div>\n\t\t\t\t<div class=\"elementor-column elementor-col-50 elementor-inner-column elementor-element elementor-element-29560cc\" data-id=\"29560cc\" data-element_type=\"column\" data-settings=\"{&quot;background_background&quot;:&quot;classic&quot;}\">\n\t\t\t<div class=\"elementor-widget-wrap elementor-element-populated\">\n\t\t\t\t\t\t<div class=\"elementor-element elementor-element-15b62fc elementor-widget elementor-widget-image\" data-id=\"15b62fc\" data-element_type=\"widget\" data-widget_type=\"image.default\">\n\t\t\t\t<div class=\"elementor-widget-container\">\n\t\t\t\t\t\t\t\t\t\t\t\t\t\t\t<img fetchpriority=\"high\" decoding=\"async\" width=\"800\" height=\"534\" src=\"https:\/\/hambau.hu\/wp-content\/uploads\/2022\/11\/hamar_zoltan-1024x683.jpg\" class=\"attachment-large size-large wp-image-776\" alt=\"\" srcset=\"https:\/\/hambau.hu\/wp-content\/uploads\/2022\/11\/hamar_zoltan-1024x683.jpg 1024w, https:\/\/hambau.hu\/wp-content\/uploads\/2022\/11\/hamar_zoltan-300x200.jpg 300w, https:\/\/hambau.hu\/wp-content\/uploads\/2022\/11\/hamar_zoltan-768x512.jpg 768w, https:\/\/hambau.hu\/wp-content\/uploads\/2022\/11\/hamar_zoltan-1536x1024.jpg 1536w, https:\/\/hambau.hu\/wp-content\/uploads\/2022\/11\/hamar_zoltan-2048x1365.jpg 2048w, https:\/\/hambau.hu\/wp-content\/uploads\/2022\/11\/hamar_zoltan-18x12.jpg 18w\" sizes=\"(max-width: 800px) 100vw, 800px\" \/>\t\t\t\t\t\t\t\t\t\t\t\t\t\t\t<\/div>\n\t\t\t\t<\/div>\n\t\t\t\t<div class=\"elementor-element elementor-element-0e3fbed elementor-widget elementor-widget-text-editor\" data-id=\"0e3fbed\" data-element_type=\"widget\" data-widget_type=\"text-editor.default\">\n\t\t\t\t<div class=\"elementor-widget-container\">\n\t\t\t\t\t\t\t\t\t<p>Zolt\u00e1n Hamar<\/p>\t\t\t\t\t\t\t\t<\/div>\n\t\t\t\t<\/div>\n\t\t\t\t<div class=\"elementor-element elementor-element-9d44248 elementor-widget elementor-widget-text-editor\" data-id=\"9d44248\" data-element_type=\"widget\" data-widget_type=\"text-editor.default\">\n\t\t\t\t<div class=\"elementor-widget-container\">\n\t\t\t\t\t\t\t\t\t<p>CEO<\/p>\t\t\t\t\t\t\t\t<\/div>\n\t\t\t\t<\/div>\n\t\t\t\t\t<\/div>\n\t\t<\/div>\n\t\t\t\t\t<\/div>\n\t\t<\/section>\n\t\t\t\t\t<\/div>\n\t\t<\/div>\n\t\t\t\t\t<\/div>\n\t\t<\/section>\n\t\t\t\t<\/div>","protected":false},"excerpt":{"rendered":"<p>R\u00f3lunk A Ham-Bau Kft. el\u0151dj\u00e9t 1981-ben egy\u00e9ni v\u00e1llalkoz\u00e1s form\u00e1j\u00e1ban alap\u00edtottuk, amelyb\u0151l 2003-ban alakult meg a v\u00e9rtesbogl\u00e1ri sz\u00e9khely\u0171, buda\u00f6rsi irod\u00e1val rendelkez\u0151 Ham-Bau \u00c9p\u00edt\u0151ipari \u00e9s Kereskedelmi Kft. A Hamar csal\u00e1d tulajdon\u00e1ban l\u00e9v\u0151 v\u00e1llalkoz\u00e1s f\u0151 profilja az \u00e9p\u00fcletvillamoss\u00e1gi kivitelez\u00e9s \u00e9s karbantart\u00e1s. Legfontosabb c\u00e9lunk a hazai \u00e9s k\u00fclf\u00f6ldi megb\u00edz\u00f3inkt\u00f3l kapott feladatok \u00e9s elv\u00e1r\u00e1sok komplex, magas szinten val\u00f3 kiel\u00e9g\u00edt\u00e9se \u00fagy, [&hellip;]<\/p>","protected":false},"author":1,"featured_media":0,"parent":0,"menu_order":0,"comment_status":"closed","ping_status":"closed","template":"","meta":{"footnotes":""},"class_list":["post-40","page","type-page","status-publish","hentry"],"yoast_head":"<!-- This site is optimized with the Yoast SEO plugin v19.10 - https:\/\/yoast.com\/wordpress\/plugins\/seo\/ -->\n<title>R\u00f3lunk - HAM-BAU &Eacute;p&iacute;t\u0151ipari &eacute;s Kereskedelmi Kft.<\/title>\n<meta name=\"robots\" content=\"index, follow, max-snippet:-1, max-image-preview:large, max-video-preview:-1\" \/>\n<link rel=\"canonical\" href=\"https:\/\/hambau.hu\/en\/rolunk\/\" \/>\n<meta property=\"og:locale\" content=\"en_US\" \/>\n<meta property=\"og:type\" content=\"article\" \/>\n<meta property=\"og:title\" content=\"R\u00f3lunk - HAM-BAU &Eacute;p&iacute;t\u0151ipari &eacute;s Kereskedelmi Kft.\" \/>\n<meta property=\"og:description\" content=\"R\u00f3lunk A Ham-Bau Kft. el\u0151dj\u00e9t 1981-ben egy\u00e9ni v\u00e1llalkoz\u00e1s form\u00e1j\u00e1ban alap\u00edtottuk, amelyb\u0151l 2003-ban alakult meg a v\u00e9rtesbogl\u00e1ri sz\u00e9khely\u0171, buda\u00f6rsi irod\u00e1val rendelkez\u0151 Ham-Bau \u00c9p\u00edt\u0151ipari \u00e9s Kereskedelmi Kft. A Hamar csal\u00e1d tulajdon\u00e1ban l\u00e9v\u0151 v\u00e1llalkoz\u00e1s f\u0151 profilja az \u00e9p\u00fcletvillamoss\u00e1gi kivitelez\u00e9s \u00e9s karbantart\u00e1s. Legfontosabb c\u00e9lunk a hazai \u00e9s k\u00fclf\u00f6ldi megb\u00edz\u00f3inkt\u00f3l kapott feladatok \u00e9s elv\u00e1r\u00e1sok komplex, magas szinten val\u00f3 kiel\u00e9g\u00edt\u00e9se \u00fagy, [&hellip;]\" \/>\n<meta property=\"og:url\" content=\"https:\/\/hambau.hu\/en\/rolunk\/\" \/>\n<meta property=\"og:site_name\" content=\"HAM-BAU &Eacute;p&iacute;t\u0151ipari &eacute;s Kereskedelmi Kft.\" \/>\n<meta property=\"article:modified_time\" content=\"2022-11-18T14:20:39+00:00\" \/>\n<meta property=\"og:image\" content=\"https:\/\/hambau.hu\/wp-content\/uploads\/2022\/11\/hamar_zoltan-1024x683.jpg\" \/>\n<meta name=\"twitter:card\" content=\"summary_large_image\" \/>\n<meta name=\"twitter:label1\" content=\"Est. reading time\" \/>\n\t<meta name=\"twitter:data1\" content=\"2 minutes\" \/>\n<script type=\"application\/ld+json\" class=\"yoast-schema-graph\">{\"@context\":\"https:\/\/schema.org\",\"@graph\":[{\"@type\":\"WebPage\",\"@id\":\"https:\/\/hambau.hu\/rolunk\/\",\"url\":\"https:\/\/hambau.hu\/rolunk\/\",\"name\":\"R\u00f3lunk - HAM-BAU &Eacute;p&iacute;t\u0151ipari &eacute;s Kereskedelmi Kft.\",\"isPartOf\":{\"@id\":\"https:\/\/hambau.hu\/#website\"},\"datePublished\":\"2022-10-17T10:35:25+00:00\",\"dateModified\":\"2022-11-18T14:20:39+00:00\",\"breadcrumb\":{\"@id\":\"https:\/\/hambau.hu\/rolunk\/#breadcrumb\"},\"inLanguage\":\"en-US\",\"potentialAction\":[{\"@type\":\"ReadAction\",\"target\":[\"https:\/\/hambau.hu\/rolunk\/\"]}]},{\"@type\":\"BreadcrumbList\",\"@id\":\"https:\/\/hambau.hu\/rolunk\/#breadcrumb\",\"itemListElement\":[{\"@type\":\"ListItem\",\"position\":1,\"name\":\"Home\",\"item\":\"https:\/\/hambau.hu\/\"},{\"@type\":\"ListItem\",\"position\":2,\"name\":\"R\u00f3lunk\"}]},{\"@type\":\"WebSite\",\"@id\":\"https:\/\/hambau.hu\/#website\",\"url\":\"https:\/\/hambau.hu\/\",\"name\":\"HAM-BAU &Eacute;p&iacute;t\u0151ipari &eacute;s Kereskedelmi Kft.\",\"description\":\"Komplex, professzion\u00e1lis villamosipari szolg\u00e1ltat\u00e1sok 1981 \u00f3ta\",\"publisher\":{\"@id\":\"https:\/\/hambau.hu\/#organization\"},\"potentialAction\":[{\"@type\":\"SearchAction\",\"target\":{\"@type\":\"EntryPoint\",\"urlTemplate\":\"https:\/\/hambau.hu\/?s={search_term_string}\"},\"query-input\":\"required name=search_term_string\"}],\"inLanguage\":\"en-US\"},{\"@type\":\"Organization\",\"@id\":\"https:\/\/hambau.hu\/#organization\",\"name\":\"HAM-BAU &Eacute;p&iacute;t\u0151ipari &eacute;s Kereskedelmi Kft.\",\"url\":\"https:\/\/hambau.hu\/\",\"logo\":{\"@type\":\"ImageObject\",\"inLanguage\":\"en-US\",\"@id\":\"https:\/\/hambau.hu\/#\/schema\/logo\/image\/\",\"url\":\"https:\/\/hambau.hu\/wp-content\/uploads\/2022\/10\/HAMBAU_logo_outline.svg\",\"contentUrl\":\"https:\/\/hambau.hu\/wp-content\/uploads\/2022\/10\/HAMBAU_logo_outline.svg\",\"width\":352,\"height\":76,\"caption\":\"HAM-BAU &Eacute;p&iacute;t\u0151ipari &eacute;s Kereskedelmi Kft.\"},\"image\":{\"@id\":\"https:\/\/hambau.hu\/#\/schema\/logo\/image\/\"}}]}<\/script>\n<!-- \/ Yoast SEO plugin. -->","yoast_head_json":{"title":"R\u00f3lunk - HAM-BAU &Eacute;p&iacute;t\u0151ipari &eacute;s Kereskedelmi Kft.","robots":{"index":"index","follow":"follow","max-snippet":"max-snippet:-1","max-image-preview":"max-image-preview:large","max-video-preview":"max-video-preview:-1"},"canonical":"https:\/\/hambau.hu\/en\/rolunk\/","og_locale":"en_US","og_type":"article","og_title":"R\u00f3lunk - HAM-BAU &Eacute;p&iacute;t\u0151ipari &eacute;s Kereskedelmi Kft.","og_description":"R\u00f3lunk A Ham-Bau Kft. el\u0151dj\u00e9t 1981-ben egy\u00e9ni v\u00e1llalkoz\u00e1s form\u00e1j\u00e1ban alap\u00edtottuk, amelyb\u0151l 2003-ban alakult meg a v\u00e9rtesbogl\u00e1ri sz\u00e9khely\u0171, buda\u00f6rsi irod\u00e1val rendelkez\u0151 Ham-Bau \u00c9p\u00edt\u0151ipari \u00e9s Kereskedelmi Kft. A Hamar csal\u00e1d tulajdon\u00e1ban l\u00e9v\u0151 v\u00e1llalkoz\u00e1s f\u0151 profilja az \u00e9p\u00fcletvillamoss\u00e1gi kivitelez\u00e9s \u00e9s karbantart\u00e1s. Legfontosabb c\u00e9lunk a hazai \u00e9s k\u00fclf\u00f6ldi megb\u00edz\u00f3inkt\u00f3l kapott feladatok \u00e9s elv\u00e1r\u00e1sok komplex, magas szinten val\u00f3 kiel\u00e9g\u00edt\u00e9se \u00fagy, [&hellip;]","og_url":"https:\/\/hambau.hu\/en\/rolunk\/","og_site_name":"HAM-BAU &Eacute;p&iacute;t\u0151ipari &eacute;s Kereskedelmi Kft.","article_modified_time":"2022-11-18T14:20:39+00:00","og_image":[{"url":"https:\/\/hambau.hu\/wp-content\/uploads\/2022\/11\/hamar_zoltan-1024x683.jpg"}],"twitter_card":"summary_large_image","twitter_misc":{"Est. reading time":"2 minutes"},"schema":{"@context":"https:\/\/schema.org","@graph":[{"@type":"WebPage","@id":"https:\/\/hambau.hu\/rolunk\/","url":"https:\/\/hambau.hu\/rolunk\/","name":"R\u00f3lunk - HAM-BAU &Eacute;p&iacute;t\u0151ipari &eacute;s Kereskedelmi Kft.","isPartOf":{"@id":"https:\/\/hambau.hu\/#website"},"datePublished":"2022-10-17T10:35:25+00:00","dateModified":"2022-11-18T14:20:39+00:00","breadcrumb":{"@id":"https:\/\/hambau.hu\/rolunk\/#breadcrumb"},"inLanguage":"en-US","potentialAction":[{"@type":"ReadAction","target":["https:\/\/hambau.hu\/rolunk\/"]}]},{"@type":"BreadcrumbList","@id":"https:\/\/hambau.hu\/rolunk\/#breadcrumb","itemListElement":[{"@type":"ListItem","position":1,"name":"Home","item":"https:\/\/hambau.hu\/"},{"@type":"ListItem","position":2,"name":"R\u00f3lunk"}]},{"@type":"WebSite","@id":"https:\/\/hambau.hu\/#website","url":"https:\/\/hambau.hu\/","name":"HAM-BAU &Eacute;p&iacute;t\u0151ipari &eacute;s Kereskedelmi Kft.","description":"Komplex, professzion\u00e1lis villamosipari szolg\u00e1ltat\u00e1sok 1981 \u00f3ta","publisher":{"@id":"https:\/\/hambau.hu\/#organization"},"potentialAction":[{"@type":"SearchAction","target":{"@type":"EntryPoint","urlTemplate":"https:\/\/hambau.hu\/?s={search_term_string}"},"query-input":"required name=search_term_string"}],"inLanguage":"en-US"},{"@type":"Organization","@id":"https:\/\/hambau.hu\/#organization","name":"HAM-BAU &Eacute;p&iacute;t\u0151ipari &eacute;s Kereskedelmi Kft.","url":"https:\/\/hambau.hu\/","logo":{"@type":"ImageObject","inLanguage":"en-US","@id":"https:\/\/hambau.hu\/#\/schema\/logo\/image\/","url":"https:\/\/hambau.hu\/wp-content\/uploads\/2022\/10\/HAMBAU_logo_outline.svg","contentUrl":"https:\/\/hambau.hu\/wp-content\/uploads\/2022\/10\/HAMBAU_logo_outline.svg","width":352,"height":76,"caption":"HAM-BAU &Eacute;p&iacute;t\u0151ipari &eacute;s Kereskedelmi Kft."},"image":{"@id":"https:\/\/hambau.hu\/#\/schema\/logo\/image\/"}}]}},"_links":{"self":[{"href":"https:\/\/hambau.hu\/en\/wp-json\/wp\/v2\/pages\/40","targetHints":{"allow":["GET"]}}],"collection":[{"href":"https:\/\/hambau.hu\/en\/wp-json\/wp\/v2\/pages"}],"about":[{"href":"https:\/\/hambau.hu\/en\/wp-json\/wp\/v2\/types\/page"}],"author":[{"embeddable":true,"href":"https:\/\/hambau.hu\/en\/wp-json\/wp\/v2\/users\/1"}],"replies":[{"embeddable":true,"href":"https:\/\/hambau.hu\/en\/wp-json\/wp\/v2\/comments?post=40"}],"version-history":[{"count":44,"href":"https:\/\/hambau.hu\/en\/wp-json\/wp\/v2\/pages\/40\/revisions"}],"predecessor-version":[{"id":1136,"href":"https:\/\/hambau.hu\/en\/wp-json\/wp\/v2\/pages\/40\/revisions\/1136"}],"wp:attachment":[{"href":"https:\/\/hambau.hu\/en\/wp-json\/wp\/v2\/media?parent=40"}],"curies":[{"name":"wp","href":"https:\/\/api.w.org\/{rel}","templated":true}]}}