{"id":1134,"date":"2025-08-21T12:44:48","date_gmt":"2025-08-21T12:44:48","guid":{"rendered":"https:\/\/hambau.hu\/?page_id=1134"},"modified":"2025-11-26T08:35:08","modified_gmt":"2025-11-26T08:35:08","slug":"tamogatott-beruhazasaink","status":"publish","type":"page","link":"https:\/\/hambau.hu\/en\/tamogatott-beruhazasaink\/","title":{"rendered":"Our supported investments"},"content":{"rendered":"<div data-elementor-type=\"wp-page\" data-elementor-id=\"1134\" class=\"elementor elementor-1134\" data-elementor-post-type=\"page\">\n\t\t\t\t\t\t<section class=\"elementor-section elementor-top-section elementor-element elementor-element-e825b79 elementor-section-height-min-height elementor-section-items-bottom elementor-section-boxed elementor-section-height-default\" data-id=\"e825b79\" data-element_type=\"section\" data-settings=\"{&quot;background_background&quot;:&quot;classic&quot;}\">\n\t\t\t\t\t\t\t<div class=\"elementor-background-overlay\"><\/div>\n\t\t\t\t\t\t\t<div class=\"elementor-container elementor-column-gap-default\">\n\t\t\t\t\t<div class=\"elementor-column elementor-col-100 elementor-top-column elementor-element elementor-element-ce13a0b\" data-id=\"ce13a0b\" data-element_type=\"column\">\n\t\t\t<div class=\"elementor-widget-wrap elementor-element-populated\">\n\t\t\t\t\t\t<div class=\"elementor-element elementor-element-6629728 elementor-widget elementor-widget-heading\" data-id=\"6629728\" data-element_type=\"widget\" data-widget_type=\"heading.default\">\n\t\t\t\t<div class=\"elementor-widget-container\">\n\t\t\t\t\t<h1 class=\"elementor-heading-title elementor-size-default\">Our supported investments<\/h1>\t\t\t\t<\/div>\n\t\t\t\t<\/div>\n\t\t\t\t\t<\/div>\n\t\t<\/div>\n\t\t\t\t\t<\/div>\n\t\t<\/section>\n\t\t<div class=\"elementor-element elementor-element-9b68959 e-flex e-con-boxed e-con e-parent\" data-id=\"9b68959\" data-element_type=\"container\" data-settings=\"{&quot;background_background&quot;:&quot;classic&quot;}\">\n\t\t\t\t\t<div class=\"e-con-inner\">\n\t\t<div class=\"elementor-element elementor-element-612c6b7 e-con-full e-flex e-con e-child\" data-id=\"612c6b7\" data-element_type=\"container\">\n\t\t\t\t<div class=\"elementor-element elementor-element-83552e4 elementor-widget elementor-widget-heading\" data-id=\"83552e4\" data-element_type=\"widget\" data-widget_type=\"heading.default\">\n\t\t\t\t<div class=\"elementor-widget-container\">\n\t\t\t\t\t<h2 class=\"elementor-heading-title elementor-size-default\">Termel\u00e9si kapacit\u00e1s b\u0151v\u00edt\u00e9se a HAM-BAU Kft-n\u00e9l<\/h2>\t\t\t\t<\/div>\n\t\t\t\t<\/div>\n\t\t\t\t<div class=\"elementor-element elementor-element-7bc10e5 elementor-widget elementor-widget-heading\" data-id=\"7bc10e5\" data-element_type=\"widget\" data-widget_type=\"heading.default\">\n\t\t\t\t<div class=\"elementor-widget-container\">\n\t\t\t\t\t<h2 class=\"elementor-heading-title elementor-size-default\">GINOP-1.2.1-16-2017-00674<\/h2>\t\t\t\t<\/div>\n\t\t\t\t<\/div>\n\t\t\t\t<div class=\"elementor-element elementor-element-028032b elementor-widget elementor-widget-text-editor\" data-id=\"028032b\" data-element_type=\"widget\" data-widget_type=\"text-editor.default\">\n\t\t\t\t<div class=\"elementor-widget-container\">\n\t\t\t\t\t\t\t\t\t<p>A HAM-BAU \u00c9p\u00edt\u0151ipari, Kereskedelmi \u00e9s Szolg\u00e1ltat\u00f3 Korl\u00e1tolt Felel\u0151ss\u00e9g\u0171 T\u00e1rsas\u00e1g 102.671.000 Ft t\u00e1mogat\u00e1st nyert a \u201eMikro-, kis- \u00e9s k\u00f6z\u00e9pv\u00e1llalkoz\u00e1sok termel\u00e9si kapacit\u00e1sainak b\u0151v\u00edt\u00e9se\u201d c. p\u00e1ly\u00e1zati ki\u00edr\u00e1son. A meg\u00edt\u00e9lt t\u00e1mogat\u00e1s a projekt \u00f6sszk\u00f6lts\u00e9g\u00e9nek 50%-a volt.<\/p><p>Jelen projekt keret\u00e9n bel\u00fcl 1 darab HYUNDAI 15L-7M t\u00edpus\u00fa targonc\u00e1t, 1 darab PINOSA CPE 1200 t\u0171zifa-feldolgoz\u00f3 g\u00e9psort, 1 darab ESCHLB\u00d6CK BIBER 84 RM t\u00edpus\u00fa k\u00e9ses apr\u00edt\u00f3g\u00e9pet \u00e9s 1 darab PEAS rendszereket szerezt\u00fcnk be, melyekkel f\u0171r\u00e9sz\u00e1rugy\u00e1rt\u00e1s tev\u00e9kenys\u00e9g\u00fcnk jelent\u0151s kapacit\u00e1sn\u00f6veked\u00e9sen ment kereszt\u00fcl. A fejleszt\u00e9ssel hat\u00e9konyabbak, versenyk\u00e9pesebbek vagyunk \u00e9s a min\u0151s\u00e9g is javul\u00e1st mutat.<\/p><p>A projekt 2019.11.14-\u00e9n ker\u00fclt befejez\u00e9sre.<\/p><p>A p\u00e1ly\u00e1zatot k\u00e9sz\u00edtette a <a href=\"http:\/\/forrascentrum.hu\">Forr\u00e1s Centrum Kft. p\u00e1ly\u00e1zat\u00edr\u00f3<\/a> c\u00e9g.<\/p>\t\t\t\t\t\t\t\t<\/div>\n\t\t\t\t<\/div>\n\t\t\t\t<\/div>\n\t\t<div class=\"elementor-element elementor-element-b8dbc79 e-con-full e-flex e-con e-child\" data-id=\"b8dbc79\" data-element_type=\"container\">\n\t\t\t\t<div class=\"elementor-element elementor-element-ea44cb0 elementor-widget elementor-widget-heading\" data-id=\"ea44cb0\" data-element_type=\"widget\" data-widget_type=\"heading.default\">\n\t\t\t\t<div class=\"elementor-widget-container\">\n\t\t\t\t\t<h2 class=\"elementor-heading-title elementor-size-default\">T\u0171zifagy\u00e1rt\u00e1si tev\u00e9kenys\u00e9g kapacit\u00e1s\u00e1nak b\u0151v\u00edt\u00e9se a Ham-Bau Kft.-n\u00e9l<\/h2>\t\t\t\t<\/div>\n\t\t\t\t<\/div>\n\t\t\t\t<div class=\"elementor-element elementor-element-514d340 elementor-widget elementor-widget-heading\" data-id=\"514d340\" data-element_type=\"widget\" data-widget_type=\"heading.default\">\n\t\t\t\t<div class=\"elementor-widget-container\">\n\t\t\t\t\t<h2 class=\"elementor-heading-title elementor-size-default\">GINOP-1.2.3-8-3-4-16-2017-01571<\/h2>\t\t\t\t<\/div>\n\t\t\t\t<\/div>\n\t\t\t\t<div class=\"elementor-element elementor-element-4000edf elementor-widget elementor-widget-text-editor\" data-id=\"4000edf\" data-element_type=\"widget\" data-widget_type=\"text-editor.default\">\n\t\t\t\t<div class=\"elementor-widget-container\">\n\t\t\t\t\t\t\t\t\t<p>A HAM-BAU \u00c9p\u00edt\u0151ipari, Kereskedelmi \u00e9s Szolg\u00e1ltat\u00f3 Korl\u00e1tolt Felel\u0151ss\u00e9g\u0171 T\u00e1rsas\u00e1g 47.362.379 Ft vissza nem t\u00e9r\u00edtend\u0151 \u00e9s 94.724.759 Ft visszat\u00e9r\u00edtend\u0151 t\u00e1mogat\u00e1st nyert a \u201eMikro-, kis- \u00e9s k\u00f6z\u00e9pv\u00e1llalkoz\u00e1sok kapacit\u00e1sb\u0151v\u00edt\u0151 beruh\u00e1z\u00e1sainak t\u00e1mogat\u00e1sa kombin\u00e1lt hitelterm\u00e9k keret\u00e9ben\u201d c. p\u00e1ly\u00e1zati ki\u00edr\u00e1son.<\/p><p>A meg\u00edt\u00e9lt t\u00e1mogat\u00e1s a projekt \u00f6sszk\u00f6lts\u00e9g\u00e9nek 30%-a volt.<\/p><p>Jelen projekt keret\u00e9n bel\u00fcl az al\u00e1bbi k\u00f6lts\u00e9gt\u00e9telek ker\u00fcltek elsz\u00e1mol\u00e1sra:<\/p><ul><li>Fafeldolgoz\u00f3 csarnok \u00e9p\u00edt\u00e9se \u00e9s a hozz\u00e1 kapcsol\u00f3d\u00f3 Ter\u00fclet el\u0151k\u00e9sz\u00edt\u00e9si k\u00f6lts\u00e9gek<\/li><li>1 darab NH-BW t\u00edpus\u00fa h\u00eddm\u00e9rleg<\/li><li>1 darab Mitsubishi FG 15N Grendia ES t\u00edpus\u00fa targonca<\/li><li>1 darab Case 695ST t\u00edpus\u00fa kotr\u00f3-rakod\u00f3g\u00e9p<\/li><li>tov\u00e1bb\u00e1 a T\u00e1j\u00e9koztat\u00e1s \u00e9s nyilv\u00e1noss\u00e1g<\/li><\/ul><p>A fenti t\u00e9telekkel f\u0171r\u00e9sz\u00e1rugy\u00e1rt\u00e1s tev\u00e9kenys\u00e9g\u00fcnk jelent\u0151s kapacit\u00e1sn\u00f6veked\u00e9sen ment kereszt\u00fcl. A fejleszt\u00e9ssel hat\u00e9konyabbak, versenyk\u00e9pesebbek vagyunk \u00e9s a min\u0151s\u00e9g is javul\u00e1st mutat.<\/p><p>A projekt 2020.03.31-\u00e9n ker\u00fclt befejez\u00e9sre.<\/p><p>A p\u00e1ly\u00e1zatot k\u00e9sz\u00edtette a <a href=\"http:\/\/forrascentrum.hu\">Forr\u00e1s Centrum Kft. p\u00e1ly\u00e1zat\u00edr\u00f3<\/a> c\u00e9g.<\/p>\t\t\t\t\t\t\t\t<\/div>\n\t\t\t\t<\/div>\n\t\t\t\t<\/div>\n\t\t\t\t\t<\/div>\n\t\t\t\t<\/div>\n\t\t\t\t<\/div>","protected":false},"excerpt":{"rendered":"<p>T\u00e1mogatott beruh\u00e1z\u00e1saink Termel\u00e9si kapacit\u00e1s b\u0151v\u00edt\u00e9se a HAM-BAU Kft-n\u00e9l GINOP-1.2.1-16-2017-00674 A HAM-BAU \u00c9p\u00edt\u0151ipari, Kereskedelmi \u00e9s Szolg\u00e1ltat\u00f3 Korl\u00e1tolt Felel\u0151ss\u00e9g\u0171 T\u00e1rsas\u00e1g 102.671.000 Ft t\u00e1mogat\u00e1st nyert a \u201eMikro-, kis- \u00e9s k\u00f6z\u00e9pv\u00e1llalkoz\u00e1sok termel\u00e9si kapacit\u00e1sainak b\u0151v\u00edt\u00e9se\u201d c. p\u00e1ly\u00e1zati ki\u00edr\u00e1son. A meg\u00edt\u00e9lt t\u00e1mogat\u00e1s a projekt \u00f6sszk\u00f6lts\u00e9g\u00e9nek 50%-a volt. Jelen projekt keret\u00e9n bel\u00fcl 1 darab HYUNDAI 15L-7M t\u00edpus\u00fa targonc\u00e1t, 1 darab PINOSA CPE [&hellip;]<\/p>","protected":false},"author":1,"featured_media":0,"parent":0,"menu_order":0,"comment_status":"closed","ping_status":"closed","template":"","meta":{"footnotes":""},"class_list":["post-1134","page","type-page","status-publish","hentry"],"yoast_head":"<!-- This site is optimized with the Yoast SEO plugin v19.10 - https:\/\/yoast.com\/wordpress\/plugins\/seo\/ -->\n<title>T\u00e1mogatott beruh\u00e1z\u00e1saink - HAM-BAU &Eacute;p&iacute;t\u0151ipari &eacute;s Kereskedelmi Kft.<\/title>\n<meta name=\"robots\" content=\"index, follow, max-snippet:-1, max-image-preview:large, max-video-preview:-1\" \/>\n<link rel=\"canonical\" href=\"https:\/\/hambau.hu\/en\/tamogatott-beruhazasaink\/\" \/>\n<meta property=\"og:locale\" content=\"en_US\" \/>\n<meta property=\"og:type\" content=\"article\" \/>\n<meta property=\"og:title\" content=\"T\u00e1mogatott beruh\u00e1z\u00e1saink - HAM-BAU &Eacute;p&iacute;t\u0151ipari &eacute;s Kereskedelmi Kft.\" \/>\n<meta property=\"og:description\" content=\"T\u00e1mogatott beruh\u00e1z\u00e1saink Termel\u00e9si kapacit\u00e1s b\u0151v\u00edt\u00e9se a HAM-BAU Kft-n\u00e9l GINOP-1.2.1-16-2017-00674 A HAM-BAU \u00c9p\u00edt\u0151ipari, Kereskedelmi \u00e9s Szolg\u00e1ltat\u00f3 Korl\u00e1tolt Felel\u0151ss\u00e9g\u0171 T\u00e1rsas\u00e1g 102.671.000 Ft t\u00e1mogat\u00e1st nyert a \u201eMikro-, kis- \u00e9s k\u00f6z\u00e9pv\u00e1llalkoz\u00e1sok termel\u00e9si kapacit\u00e1sainak b\u0151v\u00edt\u00e9se\u201d c. p\u00e1ly\u00e1zati ki\u00edr\u00e1son. A meg\u00edt\u00e9lt t\u00e1mogat\u00e1s a projekt \u00f6sszk\u00f6lts\u00e9g\u00e9nek 50%-a volt. Jelen projekt keret\u00e9n bel\u00fcl 1 darab HYUNDAI 15L-7M t\u00edpus\u00fa targonc\u00e1t, 1 darab PINOSA CPE [&hellip;]\" \/>\n<meta property=\"og:url\" content=\"https:\/\/hambau.hu\/en\/tamogatott-beruhazasaink\/\" \/>\n<meta property=\"og:site_name\" content=\"HAM-BAU &Eacute;p&iacute;t\u0151ipari &eacute;s Kereskedelmi Kft.\" \/>\n<meta property=\"article:modified_time\" content=\"2025-11-26T08:35:08+00:00\" \/>\n<meta name=\"twitter:card\" content=\"summary_large_image\" \/>\n<meta name=\"twitter:label1\" content=\"Est. reading time\" \/>\n\t<meta name=\"twitter:data1\" content=\"2 minutes\" \/>\n<script type=\"application\/ld+json\" class=\"yoast-schema-graph\">{\"@context\":\"https:\/\/schema.org\",\"@graph\":[{\"@type\":\"WebPage\",\"@id\":\"https:\/\/hambau.hu\/tamogatott-beruhazasaink\/\",\"url\":\"https:\/\/hambau.hu\/tamogatott-beruhazasaink\/\",\"name\":\"T\u00e1mogatott beruh\u00e1z\u00e1saink - HAM-BAU &Eacute;p&iacute;t\u0151ipari &eacute;s Kereskedelmi Kft.\",\"isPartOf\":{\"@id\":\"https:\/\/hambau.hu\/#website\"},\"datePublished\":\"2025-08-21T12:44:48+00:00\",\"dateModified\":\"2025-11-26T08:35:08+00:00\",\"breadcrumb\":{\"@id\":\"https:\/\/hambau.hu\/tamogatott-beruhazasaink\/#breadcrumb\"},\"inLanguage\":\"en-US\",\"potentialAction\":[{\"@type\":\"ReadAction\",\"target\":[\"https:\/\/hambau.hu\/tamogatott-beruhazasaink\/\"]}]},{\"@type\":\"BreadcrumbList\",\"@id\":\"https:\/\/hambau.hu\/tamogatott-beruhazasaink\/#breadcrumb\",\"itemListElement\":[{\"@type\":\"ListItem\",\"position\":1,\"name\":\"Home\",\"item\":\"https:\/\/hambau.hu\/\"},{\"@type\":\"ListItem\",\"position\":2,\"name\":\"T\u00e1mogatott beruh\u00e1z\u00e1saink\"}]},{\"@type\":\"WebSite\",\"@id\":\"https:\/\/hambau.hu\/#website\",\"url\":\"https:\/\/hambau.hu\/\",\"name\":\"HAM-BAU &Eacute;p&iacute;t\u0151ipari &eacute;s Kereskedelmi Kft.\",\"description\":\"Komplex, professzion\u00e1lis villamosipari szolg\u00e1ltat\u00e1sok 1981 \u00f3ta\",\"publisher\":{\"@id\":\"https:\/\/hambau.hu\/#organization\"},\"potentialAction\":[{\"@type\":\"SearchAction\",\"target\":{\"@type\":\"EntryPoint\",\"urlTemplate\":\"https:\/\/hambau.hu\/?s={search_term_string}\"},\"query-input\":\"required name=search_term_string\"}],\"inLanguage\":\"en-US\"},{\"@type\":\"Organization\",\"@id\":\"https:\/\/hambau.hu\/#organization\",\"name\":\"HAM-BAU &Eacute;p&iacute;t\u0151ipari &eacute;s Kereskedelmi Kft.\",\"url\":\"https:\/\/hambau.hu\/\",\"logo\":{\"@type\":\"ImageObject\",\"inLanguage\":\"en-US\",\"@id\":\"https:\/\/hambau.hu\/#\/schema\/logo\/image\/\",\"url\":\"https:\/\/hambau.hu\/wp-content\/uploads\/2022\/10\/HAMBAU_logo_outline.svg\",\"contentUrl\":\"https:\/\/hambau.hu\/wp-content\/uploads\/2022\/10\/HAMBAU_logo_outline.svg\",\"width\":352,\"height\":76,\"caption\":\"HAM-BAU &Eacute;p&iacute;t\u0151ipari &eacute;s Kereskedelmi Kft.\"},\"image\":{\"@id\":\"https:\/\/hambau.hu\/#\/schema\/logo\/image\/\"}}]}<\/script>\n<!-- \/ Yoast SEO plugin. -->","yoast_head_json":{"title":"T\u00e1mogatott beruh\u00e1z\u00e1saink - HAM-BAU &Eacute;p&iacute;t\u0151ipari &eacute;s Kereskedelmi Kft.","robots":{"index":"index","follow":"follow","max-snippet":"max-snippet:-1","max-image-preview":"max-image-preview:large","max-video-preview":"max-video-preview:-1"},"canonical":"https:\/\/hambau.hu\/en\/tamogatott-beruhazasaink\/","og_locale":"en_US","og_type":"article","og_title":"T\u00e1mogatott beruh\u00e1z\u00e1saink - HAM-BAU &Eacute;p&iacute;t\u0151ipari &eacute;s Kereskedelmi Kft.","og_description":"T\u00e1mogatott beruh\u00e1z\u00e1saink Termel\u00e9si kapacit\u00e1s b\u0151v\u00edt\u00e9se a HAM-BAU Kft-n\u00e9l GINOP-1.2.1-16-2017-00674 A HAM-BAU \u00c9p\u00edt\u0151ipari, Kereskedelmi \u00e9s Szolg\u00e1ltat\u00f3 Korl\u00e1tolt Felel\u0151ss\u00e9g\u0171 T\u00e1rsas\u00e1g 102.671.000 Ft t\u00e1mogat\u00e1st nyert a \u201eMikro-, kis- \u00e9s k\u00f6z\u00e9pv\u00e1llalkoz\u00e1sok termel\u00e9si kapacit\u00e1sainak b\u0151v\u00edt\u00e9se\u201d c. p\u00e1ly\u00e1zati ki\u00edr\u00e1son. A meg\u00edt\u00e9lt t\u00e1mogat\u00e1s a projekt \u00f6sszk\u00f6lts\u00e9g\u00e9nek 50%-a volt. Jelen projekt keret\u00e9n bel\u00fcl 1 darab HYUNDAI 15L-7M t\u00edpus\u00fa targonc\u00e1t, 1 darab PINOSA CPE [&hellip;]","og_url":"https:\/\/hambau.hu\/en\/tamogatott-beruhazasaink\/","og_site_name":"HAM-BAU &Eacute;p&iacute;t\u0151ipari &eacute;s Kereskedelmi Kft.","article_modified_time":"2025-11-26T08:35:08+00:00","twitter_card":"summary_large_image","twitter_misc":{"Est. reading time":"2 minutes"},"schema":{"@context":"https:\/\/schema.org","@graph":[{"@type":"WebPage","@id":"https:\/\/hambau.hu\/tamogatott-beruhazasaink\/","url":"https:\/\/hambau.hu\/tamogatott-beruhazasaink\/","name":"T\u00e1mogatott beruh\u00e1z\u00e1saink - HAM-BAU &Eacute;p&iacute;t\u0151ipari &eacute;s Kereskedelmi Kft.","isPartOf":{"@id":"https:\/\/hambau.hu\/#website"},"datePublished":"2025-08-21T12:44:48+00:00","dateModified":"2025-11-26T08:35:08+00:00","breadcrumb":{"@id":"https:\/\/hambau.hu\/tamogatott-beruhazasaink\/#breadcrumb"},"inLanguage":"en-US","potentialAction":[{"@type":"ReadAction","target":["https:\/\/hambau.hu\/tamogatott-beruhazasaink\/"]}]},{"@type":"BreadcrumbList","@id":"https:\/\/hambau.hu\/tamogatott-beruhazasaink\/#breadcrumb","itemListElement":[{"@type":"ListItem","position":1,"name":"Home","item":"https:\/\/hambau.hu\/"},{"@type":"ListItem","position":2,"name":"T\u00e1mogatott beruh\u00e1z\u00e1saink"}]},{"@type":"WebSite","@id":"https:\/\/hambau.hu\/#website","url":"https:\/\/hambau.hu\/","name":"HAM-BAU &Eacute;p&iacute;t\u0151ipari &eacute;s Kereskedelmi Kft.","description":"Komplex, professzion\u00e1lis villamosipari szolg\u00e1ltat\u00e1sok 1981 \u00f3ta","publisher":{"@id":"https:\/\/hambau.hu\/#organization"},"potentialAction":[{"@type":"SearchAction","target":{"@type":"EntryPoint","urlTemplate":"https:\/\/hambau.hu\/?s={search_term_string}"},"query-input":"required name=search_term_string"}],"inLanguage":"en-US"},{"@type":"Organization","@id":"https:\/\/hambau.hu\/#organization","name":"HAM-BAU &Eacute;p&iacute;t\u0151ipari &eacute;s Kereskedelmi Kft.","url":"https:\/\/hambau.hu\/","logo":{"@type":"ImageObject","inLanguage":"en-US","@id":"https:\/\/hambau.hu\/#\/schema\/logo\/image\/","url":"https:\/\/hambau.hu\/wp-content\/uploads\/2022\/10\/HAMBAU_logo_outline.svg","contentUrl":"https:\/\/hambau.hu\/wp-content\/uploads\/2022\/10\/HAMBAU_logo_outline.svg","width":352,"height":76,"caption":"HAM-BAU &Eacute;p&iacute;t\u0151ipari &eacute;s Kereskedelmi Kft."},"image":{"@id":"https:\/\/hambau.hu\/#\/schema\/logo\/image\/"}}]}},"_links":{"self":[{"href":"https:\/\/hambau.hu\/en\/wp-json\/wp\/v2\/pages\/1134","targetHints":{"allow":["GET"]}}],"collection":[{"href":"https:\/\/hambau.hu\/en\/wp-json\/wp\/v2\/pages"}],"about":[{"href":"https:\/\/hambau.hu\/en\/wp-json\/wp\/v2\/types\/page"}],"author":[{"embeddable":true,"href":"https:\/\/hambau.hu\/en\/wp-json\/wp\/v2\/users\/1"}],"replies":[{"embeddable":true,"href":"https:\/\/hambau.hu\/en\/wp-json\/wp\/v2\/comments?post=1134"}],"version-history":[{"count":17,"href":"https:\/\/hambau.hu\/en\/wp-json\/wp\/v2\/pages\/1134\/revisions"}],"predecessor-version":[{"id":1178,"href":"https:\/\/hambau.hu\/en\/wp-json\/wp\/v2\/pages\/1134\/revisions\/1178"}],"wp:attachment":[{"href":"https:\/\/hambau.hu\/en\/wp-json\/wp\/v2\/media?parent=1134"}],"curies":[{"name":"wp","href":"https:\/\/api.w.org\/{rel}","templated":true}]}}